{"id":468,"date":"2021-08-25T15:31:32","date_gmt":"2021-08-25T13:31:32","guid":{"rendered":"https:\/\/www.2021.skadmin.pl\/?page_id=468"},"modified":"2023-07-28T12:58:14","modified_gmt":"2023-07-28T10:58:14","slug":"kri","status":"publish","type":"page","link":"https:\/\/www.skadmin.pl\/index.php\/kri\/","title":{"rendered":"Audyt KRI Bezpiecze\u0144stwa Informacji"},"content":{"rendered":"<p><strong><u><a name=\"Audyt KRI\"><\/a>Audyt KRI (Bezpiecze\u0144stwa informacji).<\/u><\/strong><\/p>\n<p>Krajowe Ramy Interoperacyjno\u015bci to minimalne wymogi <b>dla podmiot\u00f3w realizuj\u0105cych zadania publiczne.<\/b> Zosta\u0142y okre\u015blone w <i>Rozporz\u0105dzeniu Rady Ministr\u00f3w z dnia 12 kwietnia 2012r. w sprawie Krajowych Ram Interoperacyjno\u015bci, minimalnych wymaga\u0144 dla rejestr\u00f3w publicznych i wymiany informacji w postaci elektronicznej oraz minimalnych wymaga\u0144 dla system\u00f3w teleinformatycznych.<\/i><\/p>\n<p><b>G\u0142\u00f3wnym celem wytycznych jest poprawa bezpiecze\u0144stwa informacji oraz dostarczenie kierownictwu jednostki audytowanej rzetelnej i obiektywnej oceny dzia\u0142ania badanego obszaru.<\/b><\/p>\n<h4><b>AUDYT WEWN\u0118TRZNY BEZPIECZE\u0143STWA INFORMACJI:<\/b><\/h4>\n<p>Jednym z wymog\u00f3w, kt\u00f3re <i>KRI<\/i> stawia przed sektorem publicznym jest realizacja <i><b>okresowego audytu wewn\u0119trznego w zakresie bezpiecze\u0144stwa informacji. <\/b><\/i>Audyt taki nale\u017cy przeprowadza\u0107 okresowo, nie rzadziej jednak ni\u017c raz na rok (par. 20 ust. 2 pkt 14<i>Rozporz\u0105dzenia KRI<\/i>.<\/p>\n<p>W zwi\u0105zku z tym, proponujemy us\u0142ug\u0119, polegaj\u0105c\u0105 na przeprowadzeniu audytu KRI (bezpiecze\u0144stwa informacji) w Pa\u0144stwa podmiocie.<\/p>\n<p>Podczas audytu sprawdzany jest;<\/p>\n<ul>\n<li>poziom bezpiecze\u0144stwa informacji w systemach teleinformatycznych,<\/li>\n<li>realizacja obowi\u0105zk\u00f3w wynikaj\u0105cych z Rozporz\u0105dzenia KRI,<\/li>\n<li>wdro\u017cone \u015brodki techniczne i organizacyjne<\/li>\n<\/ul>\n<p>Nasz audyt KRI (bezpiecze\u0144stwa informacji) przeprowadzamy w oparciu o:<\/p>\n<ul>\n<li>samoocen\u0119 jednostki audytowanej;<\/li>\n<li>przegl\u0105d posiadanej przez Pa\u0144stwo dokumentacji dot. bezpiecze\u0144stwa informacji, jak r\u00f3wnie\u017c ochrony danych osobowych;<\/li>\n<li>&nbsp;wywiad z kierownictwem jednostki;<\/li>\n<li>wiadomo\u015bci uzyskane od os\u00f3b zajmuj\u0105cych si\u0119 utrzymaniem i wsparciem system\u00f3w oraz obserwacje audytora;<\/li>\n<\/ul>\n<p>Zapewniamy praktyczne podej\u015bcie do audytu w oparciu o norm\u0119 ISO 27001.<\/p>\n<h4><b>NASZ AUDYT KROK PO KROKU:<\/b><\/h4>\n<ul>\n<li>przeprowadzenie narady otwieraj\u0105cej (na kt\u00f3rej omawiane s\u0105 kluczowe kwestie audytu, spos\u00f3b w jaki b\u0119dzie prowadzony, uzgadniamy niezb\u0119dn\u0105 do wgl\u0105du dokumentacj\u0119 w celu nale\u017cytego przeprowadzenia audytu, odpowiadamy na Pa\u0144stwa pytania oraz wyja\u015bniamy w\u0105tpliwo\u015bci)<\/li>\n<li>przekazanie samooceny kierownictwu jednostki audytowanej (ten etap pozwala na odpowiednie przygotowanie si\u0119 audytorowi wewn\u0119trznemu, daje pogl\u0105d na stan system\u00f3w teleinformatycznych, to przekazanie kluczowych informacji, kt\u00f3re na dalszych etapach b\u0119d\u0105 podlega\u0142y skrupulatnej weryfikacji)<\/li>\n<li>przyst\u0105pienie do realizacji audytu (audytor sprawdza wszystkie urz\u0105dzenia oraz systemy wchodz\u0105ce w sk\u0142ad infrastruktury jednostki audytowanej, sporz\u0105dza notatki, zbiera dowody audytowe (w postaci np. zdj\u0119\u0107), prowadzi rozmowy z pracownikami, informatykami, a tak\u017ce przegl\u0105da stan i okre\u015bla zupe\u0142no\u015b\u0107 wdro\u017conej dokumentacji).<\/li>\n<\/ul>\n<p><b>W zale\u017cno\u015bci od wielko\u015bci jednostki audytowanej, audyt ten mo\u017ce trwa\u0107 od jednego do nawet kilkunastu dni.<\/b><\/p>\n<p>Na zako\u0144czenie audytu przekazujemy Pa\u0144stwu szczeg\u00f3\u0142owe sprawozdanie, kt\u00f3re zawiera;<\/p>\n<ul>\n<li>opis zastanego stanu faktycznego oraz wykrytych uchybie\u0144<\/li>\n<li>rekomendowane i zalecenia dzia\u0142a\u0144, kt\u00f3re maj\u0105 na celu spe\u0142nienie wymaga\u0144 KRI oraz zwi\u0119kszenie poziomu bezpiecze\u0144stwa informacji w jednostce.<\/li>\n<\/ul>\n<p>Zapraszamy do skorzystania z naszej oferty Audyt KRI (bezpiecze\u0144stwa informacji) oraz ze&nbsp; &#8222;<a href=\"https:\/\/www.skadmin.pl\/index.php\/szkolenie-z-bezpieczenstwa-informacji\/\">Szkolenia z bezpiecze\u0144stwa informacji<\/a>&#8222;. Maj\u0105c na uwadze nasze d\u0142ugoletnie do\u015bwiadczenie, z pewno\u015bci\u0105 b\u0119d\u0105 Pa\u0144stwo zadowoleni z wsp\u00f3\u0142pracy z nasz\u0105 firm\u0105.<\/p>\n<p>Cen\u0119 audytu KRI ustalamy indywidualnie dla ka\u017cdego klienta. Nasze us\u0142ugi wykonujemy na najwy\u017cszym poziomie.<\/p>\n\n\n<div class=\"is-layout-flex wp-block-buttons\">\n<div class=\"wp-block-button\"><a class=\"wp-block-button__link wp-element-button\" href=\"mailto:biuro@skadmin.pl\">Prosz\u0119 o ofert\u0119<\/a><\/div>\n<\/div>\n\n\n\n<p><\/p>\n\n\n\n<p><strong><u><a name=\"Dokumentacja KRI\"><\/a>Stworzenie dokumentacji zgodnej z KRI.<\/u><\/strong><\/p>\n\n\n\n<p>Proponujemy Pa\u0144stwu us\u0142ug\u0119 polegaj\u0105c\u0105 na aktualizacji lub stworzeniu od podstaw kompleksowej dokumentacji wymaganej przez KRI.<\/p>\n\n\n\n<p>Wa\u017cnym aspektem jest, by dokumentacja bezpiecze\u0144stwa informacji oddawa\u0142a stan faktyczny podmiotu. Ze wzgl\u0119du na ten fakt, nasz\u0105 dokumentacj\u0119 tworzymy w oparciu o przeprowadzony audyt Pa\u0144stwa infrastruktury informatycznej, zabezpiecze\u0144 fizycznych oraz organizacji pracy.<\/p>\n\n\n\n<p>Zapraszamy do skorzystania z naszej oferty.<\/p>\n\n\n\n<p><\/p>\n\n\n\n<div class=\"is-layout-flex wp-block-buttons\">\n<div class=\"wp-block-button\"><a class=\"wp-block-button__link wp-element-button\" href=\"mailto:biuro@skadmin.pl\">Prosz\u0119 o ofert\u0119<\/a><\/div>\n<\/div>\n","protected":false},"excerpt":{"rendered":"<p>Audyt KRI (Bezpiecze\u0144stwa informacji). Krajowe Ramy Interoperacyjno\u015bci to minimalne wymogi dla podmiot\u00f3w realizuj\u0105cych zadania publiczne. Zosta\u0142y okre\u015blone w Rozporz\u0105dzeniu Rady Ministr\u00f3w z dnia 12 kwietnia 2012r. w sprawie Krajowych Ram Interoperacyjno\u015bci, minimalnych wymaga\u0144 dla rejestr\u00f3w publicznych i wymiany informacji w postaci elektronicznej oraz minimalnych wymaga\u0144 dla system\u00f3w teleinformatycznych. G\u0142\u00f3wnym celem wytycznych jest poprawa bezpiecze\u0144stwa informacji<a href=\"https:\/\/www.skadmin.pl\/index.php\/kri\/\">[&#8230;]<\/a><\/p>\n","protected":false},"author":1,"featured_media":0,"parent":0,"menu_order":0,"comment_status":"closed","ping_status":"closed","template":"","meta":[],"categories":[],"tags":[10,9,13,12,11],"yoast_head":"<!-- This site is optimized with the Yoast SEO plugin v20.2.1 - https:\/\/yoast.com\/wordpress\/plugins\/seo\/ -->\n<title>Audyt KRI Bezpiecze\u0144stwa Informacji - SK admin<\/title>\n<meta name=\"description\" content=\"Przeprowadzamy audyt KRI, Bezpiecze\u0144stwa Informacji w jednostkach sektora publicznego. Tworzymy dokumentacj\u0119 zgodn\u0105 z KRI\" \/>\n<meta name=\"robots\" content=\"index, follow, max-snippet:-1, max-image-preview:large, max-video-preview:-1\" \/>\n<link rel=\"canonical\" href=\"https:\/\/www.skadmin.pl\/index.php\/kri\/\" \/>\n<meta property=\"og:locale\" content=\"pl_PL\" \/>\n<meta property=\"og:type\" content=\"article\" \/>\n<meta property=\"og:title\" content=\"Audyt KRI Bezpiecze\u0144stwa Informacji - SK admin\" \/>\n<meta property=\"og:description\" content=\"Przeprowadzamy audyt KRI, Bezpiecze\u0144stwa Informacji w jednostkach sektora publicznego. Tworzymy dokumentacj\u0119 zgodn\u0105 z KRI\" \/>\n<meta property=\"og:url\" content=\"https:\/\/www.skadmin.pl\/index.php\/kri\/\" \/>\n<meta property=\"og:site_name\" content=\"SK admin\" \/>\n<meta property=\"article:publisher\" content=\"https:\/\/www.facebook.com\/firma.nformatyczna\" \/>\n<meta property=\"article:modified_time\" content=\"2023-07-28T10:58:14+00:00\" \/>\n<meta name=\"twitter:card\" content=\"summary_large_image\" \/>\n<meta name=\"twitter:label1\" content=\"Szacowany czas czytania\" \/>\n\t<meta name=\"twitter:data1\" content=\"3 minuty\" \/>\n<script type=\"application\/ld+json\" class=\"yoast-schema-graph\">{\"@context\":\"https:\/\/schema.org\",\"@graph\":[{\"@type\":\"WebPage\",\"@id\":\"https:\/\/www.skadmin.pl\/index.php\/kri\/\",\"url\":\"https:\/\/www.skadmin.pl\/index.php\/kri\/\",\"name\":\"Audyt KRI Bezpiecze\u0144stwa Informacji - SK admin\",\"isPartOf\":{\"@id\":\"https:\/\/www.skadmin.pl\/#website\"},\"datePublished\":\"2021-08-25T13:31:32+00:00\",\"dateModified\":\"2023-07-28T10:58:14+00:00\",\"description\":\"Przeprowadzamy audyt KRI, Bezpiecze\u0144stwa Informacji w jednostkach sektora publicznego. Tworzymy dokumentacj\u0119 zgodn\u0105 z KRI\",\"breadcrumb\":{\"@id\":\"https:\/\/www.skadmin.pl\/index.php\/kri\/#breadcrumb\"},\"inLanguage\":\"pl-PL\",\"potentialAction\":[{\"@type\":\"ReadAction\",\"target\":[\"https:\/\/www.skadmin.pl\/index.php\/kri\/\"]}]},{\"@type\":\"BreadcrumbList\",\"@id\":\"https:\/\/www.skadmin.pl\/index.php\/kri\/#breadcrumb\",\"itemListElement\":[{\"@type\":\"ListItem\",\"position\":1,\"name\":\"Strona g\u0142\u00f3wna\",\"item\":\"https:\/\/www.skadmin.pl\/\"},{\"@type\":\"ListItem\",\"position\":2,\"name\":\"Audyt KRI Bezpiecze\u0144stwa Informacji\"}]},{\"@type\":\"WebSite\",\"@id\":\"https:\/\/www.skadmin.pl\/#website\",\"url\":\"https:\/\/www.skadmin.pl\/\",\"name\":\"SK admin\",\"description\":\"Wdro\u017cenie RODO KRI AML SYGNALI\u015aCI\",\"publisher\":{\"@id\":\"https:\/\/www.skadmin.pl\/#organization\"},\"potentialAction\":[{\"@type\":\"SearchAction\",\"target\":{\"@type\":\"EntryPoint\",\"urlTemplate\":\"https:\/\/www.skadmin.pl\/?s={search_term_string}\"},\"query-input\":\"required name=search_term_string\"}],\"inLanguage\":\"pl-PL\"},{\"@type\":\"Organization\",\"@id\":\"https:\/\/www.skadmin.pl\/#organization\",\"name\":\"SK admin\",\"url\":\"https:\/\/www.skadmin.pl\/\",\"logo\":{\"@type\":\"ImageObject\",\"inLanguage\":\"pl-PL\",\"@id\":\"https:\/\/www.skadmin.pl\/#\/schema\/logo\/image\/\",\"url\":\"https:\/\/www.skadmin.pl\/wp-content\/uploads\/2023\/01\/logo.png\",\"contentUrl\":\"https:\/\/www.skadmin.pl\/wp-content\/uploads\/2023\/01\/logo.png\",\"width\":300,\"height\":200,\"caption\":\"SK admin\"},\"image\":{\"@id\":\"https:\/\/www.skadmin.pl\/#\/schema\/logo\/image\/\"},\"sameAs\":[\"https:\/\/www.facebook.com\/firma.nformatyczna\"]}]}<\/script>\n<!-- \/ Yoast SEO plugin. -->","yoast_head_json":{"title":"Audyt KRI Bezpiecze\u0144stwa Informacji - SK admin","description":"Przeprowadzamy audyt KRI, Bezpiecze\u0144stwa Informacji w jednostkach sektora publicznego. Tworzymy dokumentacj\u0119 zgodn\u0105 z KRI","robots":{"index":"index","follow":"follow","max-snippet":"max-snippet:-1","max-image-preview":"max-image-preview:large","max-video-preview":"max-video-preview:-1"},"canonical":"https:\/\/www.skadmin.pl\/index.php\/kri\/","og_locale":"pl_PL","og_type":"article","og_title":"Audyt KRI Bezpiecze\u0144stwa Informacji - SK admin","og_description":"Przeprowadzamy audyt KRI, Bezpiecze\u0144stwa Informacji w jednostkach sektora publicznego. Tworzymy dokumentacj\u0119 zgodn\u0105 z KRI","og_url":"https:\/\/www.skadmin.pl\/index.php\/kri\/","og_site_name":"SK admin","article_publisher":"https:\/\/www.facebook.com\/firma.nformatyczna","article_modified_time":"2023-07-28T10:58:14+00:00","twitter_card":"summary_large_image","twitter_misc":{"Szacowany czas czytania":"3 minuty"},"schema":{"@context":"https:\/\/schema.org","@graph":[{"@type":"WebPage","@id":"https:\/\/www.skadmin.pl\/index.php\/kri\/","url":"https:\/\/www.skadmin.pl\/index.php\/kri\/","name":"Audyt KRI Bezpiecze\u0144stwa Informacji - SK admin","isPartOf":{"@id":"https:\/\/www.skadmin.pl\/#website"},"datePublished":"2021-08-25T13:31:32+00:00","dateModified":"2023-07-28T10:58:14+00:00","description":"Przeprowadzamy audyt KRI, Bezpiecze\u0144stwa Informacji w jednostkach sektora publicznego. Tworzymy dokumentacj\u0119 zgodn\u0105 z KRI","breadcrumb":{"@id":"https:\/\/www.skadmin.pl\/index.php\/kri\/#breadcrumb"},"inLanguage":"pl-PL","potentialAction":[{"@type":"ReadAction","target":["https:\/\/www.skadmin.pl\/index.php\/kri\/"]}]},{"@type":"BreadcrumbList","@id":"https:\/\/www.skadmin.pl\/index.php\/kri\/#breadcrumb","itemListElement":[{"@type":"ListItem","position":1,"name":"Strona g\u0142\u00f3wna","item":"https:\/\/www.skadmin.pl\/"},{"@type":"ListItem","position":2,"name":"Audyt KRI Bezpiecze\u0144stwa Informacji"}]},{"@type":"WebSite","@id":"https:\/\/www.skadmin.pl\/#website","url":"https:\/\/www.skadmin.pl\/","name":"SK admin","description":"Wdro\u017cenie RODO KRI AML SYGNALI\u015aCI","publisher":{"@id":"https:\/\/www.skadmin.pl\/#organization"},"potentialAction":[{"@type":"SearchAction","target":{"@type":"EntryPoint","urlTemplate":"https:\/\/www.skadmin.pl\/?s={search_term_string}"},"query-input":"required name=search_term_string"}],"inLanguage":"pl-PL"},{"@type":"Organization","@id":"https:\/\/www.skadmin.pl\/#organization","name":"SK admin","url":"https:\/\/www.skadmin.pl\/","logo":{"@type":"ImageObject","inLanguage":"pl-PL","@id":"https:\/\/www.skadmin.pl\/#\/schema\/logo\/image\/","url":"https:\/\/www.skadmin.pl\/wp-content\/uploads\/2023\/01\/logo.png","contentUrl":"https:\/\/www.skadmin.pl\/wp-content\/uploads\/2023\/01\/logo.png","width":300,"height":200,"caption":"SK admin"},"image":{"@id":"https:\/\/www.skadmin.pl\/#\/schema\/logo\/image\/"},"sameAs":["https:\/\/www.facebook.com\/firma.nformatyczna"]}]}},"_links":{"self":[{"href":"https:\/\/www.skadmin.pl\/index.php\/wp-json\/wp\/v2\/pages\/468"}],"collection":[{"href":"https:\/\/www.skadmin.pl\/index.php\/wp-json\/wp\/v2\/pages"}],"about":[{"href":"https:\/\/www.skadmin.pl\/index.php\/wp-json\/wp\/v2\/types\/page"}],"author":[{"embeddable":true,"href":"https:\/\/www.skadmin.pl\/index.php\/wp-json\/wp\/v2\/users\/1"}],"replies":[{"embeddable":true,"href":"https:\/\/www.skadmin.pl\/index.php\/wp-json\/wp\/v2\/comments?post=468"}],"version-history":[{"count":17,"href":"https:\/\/www.skadmin.pl\/index.php\/wp-json\/wp\/v2\/pages\/468\/revisions"}],"predecessor-version":[{"id":816,"href":"https:\/\/www.skadmin.pl\/index.php\/wp-json\/wp\/v2\/pages\/468\/revisions\/816"}],"wp:attachment":[{"href":"https:\/\/www.skadmin.pl\/index.php\/wp-json\/wp\/v2\/media?parent=468"}],"wp:term":[{"taxonomy":"category","embeddable":true,"href":"https:\/\/www.skadmin.pl\/index.php\/wp-json\/wp\/v2\/categories?post=468"},{"taxonomy":"post_tag","embeddable":true,"href":"https:\/\/www.skadmin.pl\/index.php\/wp-json\/wp\/v2\/tags?post=468"}],"curies":[{"name":"wp","href":"https:\/\/api.w.org\/{rel}","templated":true}]}}