{"id":474,"date":"2021-08-25T15:32:39","date_gmt":"2021-08-25T13:32:39","guid":{"rendered":"https:\/\/www.2021.skadmin.pl\/?page_id=474"},"modified":"2023-02-02T11:07:50","modified_gmt":"2023-02-02T10:07:50","slug":"konsultacje","status":"publish","type":"page","link":"https:\/\/www.skadmin.pl\/index.php\/konsultacje\/","title":{"rendered":"INDYWIDUALNE KONSULTACJE"},"content":{"rendered":"<p>Indywidualne konsultacje prowadzimy stacjonarnie w naszym biurze, jak r\u00f3wnie\u017c (na \u017cyczenie klienta) z wykorzystaniem \u015brodk\u00f3w komunikacji na odleg\u0142o\u015b\u0107 (konsultacje telefoniczne, wideorozmowy).<\/p>\n<p>Oferujemy Pa\u0144stwu fachowe wsparcie merytoryczne z dziedziny; ochrony danych osobowych, bezpiecze\u0144stwa informacji, ochrony sygnalist\u00f3w oraz przeciwdzia\u0142ania praniu pieni\u0119dzy i finansowania terroryzmu w zakresie biur rachunkowych.<\/p>\n<p>Nasze konsultacje cechuje <b>przyjazna atmosfera, cierpliwo\u015b\u0107 oraz pe\u0142ne zaanga\u017cowanie<\/b>.<\/p>\n<p>Doradza\u0107 Pa\u0144stwu b\u0119d\u0105 specjali\u015bci z wieloletnim do\u015bwiadczeniem i bogat\u0105 wiedz\u0105.<\/p>\n<p><strong>W ramach&nbsp; konsultacji oferujemy;<\/strong><\/p>\n<p><em>przedstawienie aktualnego stanu prawnego w analizowanej dziedzinie,<\/em><\/p>\n<p><em>om\u00f3wienie specyfiki problematycznego obszaru,<\/em><\/p>\n<p><em>zaproponowanie praktycznych rozwi\u0105za\u0144,<\/em><\/p>\n<p><em>udzielenie wytycznych oraz rekomendacji,<\/em><\/p>\n<p><em>odpowiedzi na wszelkie pytania oraz wyja\u015bnienie ewentualnych w\u0105tpliwo\u015bci.<\/em><\/p>\n<p><strong>Przeprowadzenie konsultacji jest mo\u017cliwe po wcze\u015bniejszym ustaleniu terminu.<\/strong><\/p>\n\n\n<div class=\"is-layout-flex wp-block-buttons\">\n<div class=\"wp-block-button\"><a class=\"wp-block-button__link wp-element-button\" href=\"mailto:biuro@skadmin.pl\">Poprosz\u0119 o ofert\u0119<\/a><\/div>\n<\/div>\n","protected":false},"excerpt":{"rendered":"<p>Indywidualne konsultacje prowadzimy stacjonarnie w naszym biurze, jak r\u00f3wnie\u017c (na \u017cyczenie klienta) z wykorzystaniem \u015brodk\u00f3w komunikacji na odleg\u0142o\u015b\u0107 (konsultacje telefoniczne, wideorozmowy). Oferujemy Pa\u0144stwu fachowe wsparcie merytoryczne z dziedziny; ochrony danych osobowych, bezpiecze\u0144stwa informacji, ochrony sygnalist\u00f3w oraz przeciwdzia\u0142ania praniu pieni\u0119dzy i finansowania terroryzmu w zakresie biur rachunkowych. Nasze konsultacje cechuje przyjazna atmosfera, cierpliwo\u015b\u0107 oraz pe\u0142ne zaanga\u017cowanie.<a href=\"https:\/\/www.skadmin.pl\/index.php\/konsultacje\/\">[&#8230;]<\/a><\/p>\n","protected":false},"author":1,"featured_media":0,"parent":0,"menu_order":0,"comment_status":"closed","ping_status":"closed","template":"","meta":[],"categories":[],"tags":[],"yoast_head":"<!-- This site is optimized with the Yoast SEO plugin v20.2.1 - https:\/\/yoast.com\/wordpress\/plugins\/seo\/ -->\n<title>INDYWIDUALNE KONSULTACJE - SK admin<\/title>\n<meta name=\"description\" content=\"Zapraszamy Pa\u0144stwa do skorzystania z naszej us\u0142ugi &quot;Indywidualne konsultacje&quot; z zakresu RODO, KRI, Sygnalist\u00f3w, AML dla biur rachunkowych.\" \/>\n<meta name=\"robots\" content=\"index, follow, max-snippet:-1, max-image-preview:large, max-video-preview:-1\" \/>\n<link rel=\"canonical\" href=\"https:\/\/www.skadmin.pl\/index.php\/konsultacje\/\" \/>\n<meta property=\"og:locale\" content=\"pl_PL\" \/>\n<meta property=\"og:type\" content=\"article\" \/>\n<meta property=\"og:title\" content=\"INDYWIDUALNE KONSULTACJE - SK admin\" \/>\n<meta property=\"og:description\" content=\"Zapraszamy Pa\u0144stwa do skorzystania z naszej us\u0142ugi &quot;Indywidualne konsultacje&quot; z zakresu RODO, KRI, Sygnalist\u00f3w, AML dla biur rachunkowych.\" \/>\n<meta property=\"og:url\" content=\"https:\/\/www.skadmin.pl\/index.php\/konsultacje\/\" \/>\n<meta property=\"og:site_name\" content=\"SK admin\" \/>\n<meta property=\"article:publisher\" content=\"https:\/\/www.facebook.com\/firma.nformatyczna\" \/>\n<meta property=\"article:modified_time\" content=\"2023-02-02T10:07:50+00:00\" \/>\n<meta name=\"twitter:card\" content=\"summary_large_image\" \/>\n<meta name=\"twitter:label1\" content=\"Szacowany czas czytania\" \/>\n\t<meta name=\"twitter:data1\" content=\"1 minuta\" \/>\n<script type=\"application\/ld+json\" class=\"yoast-schema-graph\">{\"@context\":\"https:\/\/schema.org\",\"@graph\":[{\"@type\":\"WebPage\",\"@id\":\"https:\/\/www.skadmin.pl\/index.php\/konsultacje\/\",\"url\":\"https:\/\/www.skadmin.pl\/index.php\/konsultacje\/\",\"name\":\"INDYWIDUALNE KONSULTACJE - SK admin\",\"isPartOf\":{\"@id\":\"https:\/\/www.skadmin.pl\/#website\"},\"datePublished\":\"2021-08-25T13:32:39+00:00\",\"dateModified\":\"2023-02-02T10:07:50+00:00\",\"description\":\"Zapraszamy Pa\u0144stwa do skorzystania z naszej us\u0142ugi \\\"Indywidualne konsultacje\\\" z zakresu RODO, KRI, Sygnalist\u00f3w, AML dla biur rachunkowych.\",\"breadcrumb\":{\"@id\":\"https:\/\/www.skadmin.pl\/index.php\/konsultacje\/#breadcrumb\"},\"inLanguage\":\"pl-PL\",\"potentialAction\":[{\"@type\":\"ReadAction\",\"target\":[\"https:\/\/www.skadmin.pl\/index.php\/konsultacje\/\"]}]},{\"@type\":\"BreadcrumbList\",\"@id\":\"https:\/\/www.skadmin.pl\/index.php\/konsultacje\/#breadcrumb\",\"itemListElement\":[{\"@type\":\"ListItem\",\"position\":1,\"name\":\"Strona g\u0142\u00f3wna\",\"item\":\"https:\/\/www.skadmin.pl\/\"},{\"@type\":\"ListItem\",\"position\":2,\"name\":\"INDYWIDUALNE KONSULTACJE\"}]},{\"@type\":\"WebSite\",\"@id\":\"https:\/\/www.skadmin.pl\/#website\",\"url\":\"https:\/\/www.skadmin.pl\/\",\"name\":\"SK admin\",\"description\":\"Wdro\u017cenie RODO KRI AML SYGNALI\u015aCI\",\"publisher\":{\"@id\":\"https:\/\/www.skadmin.pl\/#organization\"},\"potentialAction\":[{\"@type\":\"SearchAction\",\"target\":{\"@type\":\"EntryPoint\",\"urlTemplate\":\"https:\/\/www.skadmin.pl\/?s={search_term_string}\"},\"query-input\":\"required name=search_term_string\"}],\"inLanguage\":\"pl-PL\"},{\"@type\":\"Organization\",\"@id\":\"https:\/\/www.skadmin.pl\/#organization\",\"name\":\"SK admin\",\"url\":\"https:\/\/www.skadmin.pl\/\",\"logo\":{\"@type\":\"ImageObject\",\"inLanguage\":\"pl-PL\",\"@id\":\"https:\/\/www.skadmin.pl\/#\/schema\/logo\/image\/\",\"url\":\"https:\/\/www.skadmin.pl\/wp-content\/uploads\/2023\/01\/logo.png\",\"contentUrl\":\"https:\/\/www.skadmin.pl\/wp-content\/uploads\/2023\/01\/logo.png\",\"width\":300,\"height\":200,\"caption\":\"SK admin\"},\"image\":{\"@id\":\"https:\/\/www.skadmin.pl\/#\/schema\/logo\/image\/\"},\"sameAs\":[\"https:\/\/www.facebook.com\/firma.nformatyczna\"]}]}<\/script>\n<!-- \/ Yoast SEO plugin. -->","yoast_head_json":{"title":"INDYWIDUALNE KONSULTACJE - SK admin","description":"Zapraszamy Pa\u0144stwa do skorzystania z naszej us\u0142ugi \"Indywidualne konsultacje\" z zakresu RODO, KRI, Sygnalist\u00f3w, AML dla biur rachunkowych.","robots":{"index":"index","follow":"follow","max-snippet":"max-snippet:-1","max-image-preview":"max-image-preview:large","max-video-preview":"max-video-preview:-1"},"canonical":"https:\/\/www.skadmin.pl\/index.php\/konsultacje\/","og_locale":"pl_PL","og_type":"article","og_title":"INDYWIDUALNE KONSULTACJE - SK admin","og_description":"Zapraszamy Pa\u0144stwa do skorzystania z naszej us\u0142ugi \"Indywidualne konsultacje\" z zakresu RODO, KRI, Sygnalist\u00f3w, AML dla biur rachunkowych.","og_url":"https:\/\/www.skadmin.pl\/index.php\/konsultacje\/","og_site_name":"SK admin","article_publisher":"https:\/\/www.facebook.com\/firma.nformatyczna","article_modified_time":"2023-02-02T10:07:50+00:00","twitter_card":"summary_large_image","twitter_misc":{"Szacowany czas czytania":"1 minuta"},"schema":{"@context":"https:\/\/schema.org","@graph":[{"@type":"WebPage","@id":"https:\/\/www.skadmin.pl\/index.php\/konsultacje\/","url":"https:\/\/www.skadmin.pl\/index.php\/konsultacje\/","name":"INDYWIDUALNE KONSULTACJE - SK admin","isPartOf":{"@id":"https:\/\/www.skadmin.pl\/#website"},"datePublished":"2021-08-25T13:32:39+00:00","dateModified":"2023-02-02T10:07:50+00:00","description":"Zapraszamy Pa\u0144stwa do skorzystania z naszej us\u0142ugi \"Indywidualne konsultacje\" z zakresu RODO, KRI, Sygnalist\u00f3w, AML dla biur rachunkowych.","breadcrumb":{"@id":"https:\/\/www.skadmin.pl\/index.php\/konsultacje\/#breadcrumb"},"inLanguage":"pl-PL","potentialAction":[{"@type":"ReadAction","target":["https:\/\/www.skadmin.pl\/index.php\/konsultacje\/"]}]},{"@type":"BreadcrumbList","@id":"https:\/\/www.skadmin.pl\/index.php\/konsultacje\/#breadcrumb","itemListElement":[{"@type":"ListItem","position":1,"name":"Strona g\u0142\u00f3wna","item":"https:\/\/www.skadmin.pl\/"},{"@type":"ListItem","position":2,"name":"INDYWIDUALNE KONSULTACJE"}]},{"@type":"WebSite","@id":"https:\/\/www.skadmin.pl\/#website","url":"https:\/\/www.skadmin.pl\/","name":"SK admin","description":"Wdro\u017cenie RODO KRI AML SYGNALI\u015aCI","publisher":{"@id":"https:\/\/www.skadmin.pl\/#organization"},"potentialAction":[{"@type":"SearchAction","target":{"@type":"EntryPoint","urlTemplate":"https:\/\/www.skadmin.pl\/?s={search_term_string}"},"query-input":"required name=search_term_string"}],"inLanguage":"pl-PL"},{"@type":"Organization","@id":"https:\/\/www.skadmin.pl\/#organization","name":"SK admin","url":"https:\/\/www.skadmin.pl\/","logo":{"@type":"ImageObject","inLanguage":"pl-PL","@id":"https:\/\/www.skadmin.pl\/#\/schema\/logo\/image\/","url":"https:\/\/www.skadmin.pl\/wp-content\/uploads\/2023\/01\/logo.png","contentUrl":"https:\/\/www.skadmin.pl\/wp-content\/uploads\/2023\/01\/logo.png","width":300,"height":200,"caption":"SK admin"},"image":{"@id":"https:\/\/www.skadmin.pl\/#\/schema\/logo\/image\/"},"sameAs":["https:\/\/www.facebook.com\/firma.nformatyczna"]}]}},"_links":{"self":[{"href":"https:\/\/www.skadmin.pl\/index.php\/wp-json\/wp\/v2\/pages\/474"}],"collection":[{"href":"https:\/\/www.skadmin.pl\/index.php\/wp-json\/wp\/v2\/pages"}],"about":[{"href":"https:\/\/www.skadmin.pl\/index.php\/wp-json\/wp\/v2\/types\/page"}],"author":[{"embeddable":true,"href":"https:\/\/www.skadmin.pl\/index.php\/wp-json\/wp\/v2\/users\/1"}],"replies":[{"embeddable":true,"href":"https:\/\/www.skadmin.pl\/index.php\/wp-json\/wp\/v2\/comments?post=474"}],"version-history":[{"count":8,"href":"https:\/\/www.skadmin.pl\/index.php\/wp-json\/wp\/v2\/pages\/474\/revisions"}],"predecessor-version":[{"id":754,"href":"https:\/\/www.skadmin.pl\/index.php\/wp-json\/wp\/v2\/pages\/474\/revisions\/754"}],"wp:attachment":[{"href":"https:\/\/www.skadmin.pl\/index.php\/wp-json\/wp\/v2\/media?parent=474"}],"wp:term":[{"taxonomy":"category","embeddable":true,"href":"https:\/\/www.skadmin.pl\/index.php\/wp-json\/wp\/v2\/categories?post=474"},{"taxonomy":"post_tag","embeddable":true,"href":"https:\/\/www.skadmin.pl\/index.php\/wp-json\/wp\/v2\/tags?post=474"}],"curies":[{"name":"wp","href":"https:\/\/api.w.org\/{rel}","templated":true}]}}