{"id":644,"date":"2022-10-04T11:56:42","date_gmt":"2022-10-04T09:56:42","guid":{"rendered":"https:\/\/www.skadmin.pl\/?page_id=644"},"modified":"2023-02-02T11:17:31","modified_gmt":"2023-02-02T10:17:31","slug":"platforma-szkoleniowa","status":"publish","type":"page","link":"https:\/\/www.skadmin.pl\/index.php\/platforma-szkoleniowa\/","title":{"rendered":"Platforma szkoleniowa"},"content":{"rendered":"<p><strong>Platforma szkoleniowa<\/strong><\/p>\n<p>Oferujemy Pa\u0144stwu skorzystanie z naszej platformy szkoleniowej, na kt\u00f3rej znajduj\u0105 si\u0119 kompleksowe szkolenia z zakresu ochrony danych osobowych. Kurs obejmuje prezentacj\u0119 szkoleniow\u0105 o szerokiej gamie tematycznej, test sprawdzaj\u0105cy wiedz\u0119 oraz mo\u017cliwo\u015b\u0107 wygenerowania imiennego certyfikatu, potwierdzaj\u0105cego uczestnictwo. Ponadto udost\u0119pniamy mo\u017cliwo\u015b\u0107 zadawania pyta\u0144 Zespo\u0142owi SK admin, z gwarancj\u0105 otrzymania szybkiej odpowiedzi i co najwa\u017cniejsze, sformu\u0142owanej zwi\u0119\u017ale, konkretnie i z u\u017cyciem zrozumia\u0142ego j\u0119zyka. Szkolenia online pozwol\u0105 Pa\u0144stwa pracownikom, skorzysta\u0107 z nich w dowolnym momencie, bez konieczno\u015bci organizacji spotka\u0144, szkolenia ca\u0142ych grup i przerywania biegu pracy. Co wi\u0119cej, odbyty test, jest wystarczaj\u0105cy dla wykazania si\u0119 rozliczalno\u015bci\u0105, tzn. udowodnienia przed organem nadzorczym, faktu zorganizowania i przeprowadzenia szkolenia, kt\u00f3re jest obowi\u0105zkowe w przypadku os\u00f3b, kt\u00f3rych praca wi\u0105\u017ce si\u0119 z konieczno\u015bci\u0105 przetwarzania danych osobowych. Platforma pozwala na indywidualne przeszkolenie ka\u017cdego pracownika. Jak wiemy, ka\u017cdy z nas potrzebuje innej ilo\u015bci czasu na przyswojenie wiedzy, dlatego udost\u0119pnione przez nas materia\u0142y szkoleniowe, dost\u0119pne dla uczestnik\u00f3w, nie maj\u0105 limitu czasowego, a ich podgl\u0105d, jest mo\u017cliwy nawet po uko\u0144czeniu kursu.<\/p>\n<p><b>Zalety naszej platformy: <\/b><\/p>\n<p>indywidualne przeszkolenie ka\u017cdego pracownika<\/p>\n<p>przyst\u0105pienie do szkolenia przez pracownika w dowolnym momencie<\/p>\n<p>mo\u017cliwo\u015b\u0107 zadawania pyta\u0144 po szkoleniu<\/p>\n<p>opcja wygenerowania imiennego certyfikatu<\/p>\n<p><b>Metoda szkolenia <\/b><\/p>\n<p>z u\u017cyciem platformy online<\/p>\n<p><b>Cena uzale\u017cniona jest od ilo\u015bci os\u00f3b, zg\u0142oszonych do przeszkolenia.<\/b><\/p>\n\n\n<div class=\"is-layout-flex wp-block-buttons\">\n<div class=\"wp-block-button\"><a class=\"wp-block-button__link wp-element-button\" href=\"mailto:biuro@skadmin.pl\">Poprosz\u0119 o ofert\u0119<\/a><\/div>\n<\/div>\n","protected":false},"excerpt":{"rendered":"<p>Platforma szkoleniowa Oferujemy Pa\u0144stwu skorzystanie z naszej platformy szkoleniowej, na kt\u00f3rej znajduj\u0105 si\u0119 kompleksowe szkolenia z zakresu ochrony danych osobowych. Kurs obejmuje prezentacj\u0119 szkoleniow\u0105 o szerokiej gamie tematycznej, test sprawdzaj\u0105cy wiedz\u0119 oraz mo\u017cliwo\u015b\u0107 wygenerowania imiennego certyfikatu, potwierdzaj\u0105cego uczestnictwo. Ponadto udost\u0119pniamy mo\u017cliwo\u015b\u0107 zadawania pyta\u0144 Zespo\u0142owi SK admin, z gwarancj\u0105 otrzymania szybkiej odpowiedzi i co najwa\u017cniejsze, sformu\u0142owanej<a href=\"https:\/\/www.skadmin.pl\/index.php\/platforma-szkoleniowa\/\">[&#8230;]<\/a><\/p>\n","protected":false},"author":1,"featured_media":0,"parent":0,"menu_order":0,"comment_status":"closed","ping_status":"closed","template":"","meta":[],"categories":[],"tags":[],"yoast_head":"<!-- This site is optimized with the Yoast SEO plugin v20.2.1 - https:\/\/yoast.com\/wordpress\/plugins\/seo\/ -->\n<title>Platforma szkoleniowa - SK admin<\/title>\n<meta name=\"robots\" content=\"index, follow, max-snippet:-1, max-image-preview:large, max-video-preview:-1\" \/>\n<link rel=\"canonical\" href=\"https:\/\/www.skadmin.pl\/index.php\/platforma-szkoleniowa\/\" \/>\n<meta property=\"og:locale\" content=\"pl_PL\" \/>\n<meta property=\"og:type\" content=\"article\" \/>\n<meta property=\"og:title\" content=\"Platforma szkoleniowa - SK admin\" \/>\n<meta property=\"og:description\" content=\"Platforma szkoleniowa Oferujemy Pa\u0144stwu skorzystanie z naszej platformy szkoleniowej, na kt\u00f3rej znajduj\u0105 si\u0119 kompleksowe szkolenia z zakresu ochrony danych osobowych. Kurs obejmuje prezentacj\u0119 szkoleniow\u0105 o szerokiej gamie tematycznej, test sprawdzaj\u0105cy wiedz\u0119 oraz mo\u017cliwo\u015b\u0107 wygenerowania imiennego certyfikatu, potwierdzaj\u0105cego uczestnictwo. Ponadto udost\u0119pniamy mo\u017cliwo\u015b\u0107 zadawania pyta\u0144 Zespo\u0142owi SK admin, z gwarancj\u0105 otrzymania szybkiej odpowiedzi i co najwa\u017cniejsze, sformu\u0142owanej[...]\" \/>\n<meta property=\"og:url\" content=\"https:\/\/www.skadmin.pl\/index.php\/platforma-szkoleniowa\/\" \/>\n<meta property=\"og:site_name\" content=\"SK admin\" \/>\n<meta property=\"article:publisher\" content=\"https:\/\/www.facebook.com\/firma.nformatyczna\" \/>\n<meta property=\"article:modified_time\" content=\"2023-02-02T10:17:31+00:00\" \/>\n<meta name=\"twitter:card\" content=\"summary_large_image\" \/>\n<meta name=\"twitter:label1\" content=\"Szacowany czas czytania\" \/>\n\t<meta name=\"twitter:data1\" content=\"2 minuty\" \/>\n<script type=\"application\/ld+json\" class=\"yoast-schema-graph\">{\"@context\":\"https:\/\/schema.org\",\"@graph\":[{\"@type\":\"WebPage\",\"@id\":\"https:\/\/www.skadmin.pl\/index.php\/platforma-szkoleniowa\/\",\"url\":\"https:\/\/www.skadmin.pl\/index.php\/platforma-szkoleniowa\/\",\"name\":\"Platforma szkoleniowa - SK admin\",\"isPartOf\":{\"@id\":\"https:\/\/www.skadmin.pl\/#website\"},\"datePublished\":\"2022-10-04T09:56:42+00:00\",\"dateModified\":\"2023-02-02T10:17:31+00:00\",\"breadcrumb\":{\"@id\":\"https:\/\/www.skadmin.pl\/index.php\/platforma-szkoleniowa\/#breadcrumb\"},\"inLanguage\":\"pl-PL\",\"potentialAction\":[{\"@type\":\"ReadAction\",\"target\":[\"https:\/\/www.skadmin.pl\/index.php\/platforma-szkoleniowa\/\"]}]},{\"@type\":\"BreadcrumbList\",\"@id\":\"https:\/\/www.skadmin.pl\/index.php\/platforma-szkoleniowa\/#breadcrumb\",\"itemListElement\":[{\"@type\":\"ListItem\",\"position\":1,\"name\":\"Strona g\u0142\u00f3wna\",\"item\":\"https:\/\/www.skadmin.pl\/\"},{\"@type\":\"ListItem\",\"position\":2,\"name\":\"Platforma szkoleniowa\"}]},{\"@type\":\"WebSite\",\"@id\":\"https:\/\/www.skadmin.pl\/#website\",\"url\":\"https:\/\/www.skadmin.pl\/\",\"name\":\"SK admin\",\"description\":\"Wdro\u017cenie RODO KRI AML SYGNALI\u015aCI\",\"publisher\":{\"@id\":\"https:\/\/www.skadmin.pl\/#organization\"},\"potentialAction\":[{\"@type\":\"SearchAction\",\"target\":{\"@type\":\"EntryPoint\",\"urlTemplate\":\"https:\/\/www.skadmin.pl\/?s={search_term_string}\"},\"query-input\":\"required name=search_term_string\"}],\"inLanguage\":\"pl-PL\"},{\"@type\":\"Organization\",\"@id\":\"https:\/\/www.skadmin.pl\/#organization\",\"name\":\"SK admin\",\"url\":\"https:\/\/www.skadmin.pl\/\",\"logo\":{\"@type\":\"ImageObject\",\"inLanguage\":\"pl-PL\",\"@id\":\"https:\/\/www.skadmin.pl\/#\/schema\/logo\/image\/\",\"url\":\"https:\/\/www.skadmin.pl\/wp-content\/uploads\/2023\/01\/logo.png\",\"contentUrl\":\"https:\/\/www.skadmin.pl\/wp-content\/uploads\/2023\/01\/logo.png\",\"width\":300,\"height\":200,\"caption\":\"SK admin\"},\"image\":{\"@id\":\"https:\/\/www.skadmin.pl\/#\/schema\/logo\/image\/\"},\"sameAs\":[\"https:\/\/www.facebook.com\/firma.nformatyczna\"]}]}<\/script>\n<!-- \/ Yoast SEO plugin. -->","yoast_head_json":{"title":"Platforma szkoleniowa - SK admin","robots":{"index":"index","follow":"follow","max-snippet":"max-snippet:-1","max-image-preview":"max-image-preview:large","max-video-preview":"max-video-preview:-1"},"canonical":"https:\/\/www.skadmin.pl\/index.php\/platforma-szkoleniowa\/","og_locale":"pl_PL","og_type":"article","og_title":"Platforma szkoleniowa - SK admin","og_description":"Platforma szkoleniowa Oferujemy Pa\u0144stwu skorzystanie z naszej platformy szkoleniowej, na kt\u00f3rej znajduj\u0105 si\u0119 kompleksowe szkolenia z zakresu ochrony danych osobowych. Kurs obejmuje prezentacj\u0119 szkoleniow\u0105 o szerokiej gamie tematycznej, test sprawdzaj\u0105cy wiedz\u0119 oraz mo\u017cliwo\u015b\u0107 wygenerowania imiennego certyfikatu, potwierdzaj\u0105cego uczestnictwo. Ponadto udost\u0119pniamy mo\u017cliwo\u015b\u0107 zadawania pyta\u0144 Zespo\u0142owi SK admin, z gwarancj\u0105 otrzymania szybkiej odpowiedzi i co najwa\u017cniejsze, sformu\u0142owanej[...]","og_url":"https:\/\/www.skadmin.pl\/index.php\/platforma-szkoleniowa\/","og_site_name":"SK admin","article_publisher":"https:\/\/www.facebook.com\/firma.nformatyczna","article_modified_time":"2023-02-02T10:17:31+00:00","twitter_card":"summary_large_image","twitter_misc":{"Szacowany czas czytania":"2 minuty"},"schema":{"@context":"https:\/\/schema.org","@graph":[{"@type":"WebPage","@id":"https:\/\/www.skadmin.pl\/index.php\/platforma-szkoleniowa\/","url":"https:\/\/www.skadmin.pl\/index.php\/platforma-szkoleniowa\/","name":"Platforma szkoleniowa - SK admin","isPartOf":{"@id":"https:\/\/www.skadmin.pl\/#website"},"datePublished":"2022-10-04T09:56:42+00:00","dateModified":"2023-02-02T10:17:31+00:00","breadcrumb":{"@id":"https:\/\/www.skadmin.pl\/index.php\/platforma-szkoleniowa\/#breadcrumb"},"inLanguage":"pl-PL","potentialAction":[{"@type":"ReadAction","target":["https:\/\/www.skadmin.pl\/index.php\/platforma-szkoleniowa\/"]}]},{"@type":"BreadcrumbList","@id":"https:\/\/www.skadmin.pl\/index.php\/platforma-szkoleniowa\/#breadcrumb","itemListElement":[{"@type":"ListItem","position":1,"name":"Strona g\u0142\u00f3wna","item":"https:\/\/www.skadmin.pl\/"},{"@type":"ListItem","position":2,"name":"Platforma szkoleniowa"}]},{"@type":"WebSite","@id":"https:\/\/www.skadmin.pl\/#website","url":"https:\/\/www.skadmin.pl\/","name":"SK admin","description":"Wdro\u017cenie RODO KRI AML SYGNALI\u015aCI","publisher":{"@id":"https:\/\/www.skadmin.pl\/#organization"},"potentialAction":[{"@type":"SearchAction","target":{"@type":"EntryPoint","urlTemplate":"https:\/\/www.skadmin.pl\/?s={search_term_string}"},"query-input":"required name=search_term_string"}],"inLanguage":"pl-PL"},{"@type":"Organization","@id":"https:\/\/www.skadmin.pl\/#organization","name":"SK admin","url":"https:\/\/www.skadmin.pl\/","logo":{"@type":"ImageObject","inLanguage":"pl-PL","@id":"https:\/\/www.skadmin.pl\/#\/schema\/logo\/image\/","url":"https:\/\/www.skadmin.pl\/wp-content\/uploads\/2023\/01\/logo.png","contentUrl":"https:\/\/www.skadmin.pl\/wp-content\/uploads\/2023\/01\/logo.png","width":300,"height":200,"caption":"SK admin"},"image":{"@id":"https:\/\/www.skadmin.pl\/#\/schema\/logo\/image\/"},"sameAs":["https:\/\/www.facebook.com\/firma.nformatyczna"]}]}},"_links":{"self":[{"href":"https:\/\/www.skadmin.pl\/index.php\/wp-json\/wp\/v2\/pages\/644"}],"collection":[{"href":"https:\/\/www.skadmin.pl\/index.php\/wp-json\/wp\/v2\/pages"}],"about":[{"href":"https:\/\/www.skadmin.pl\/index.php\/wp-json\/wp\/v2\/types\/page"}],"author":[{"embeddable":true,"href":"https:\/\/www.skadmin.pl\/index.php\/wp-json\/wp\/v2\/users\/1"}],"replies":[{"embeddable":true,"href":"https:\/\/www.skadmin.pl\/index.php\/wp-json\/wp\/v2\/comments?post=644"}],"version-history":[{"count":2,"href":"https:\/\/www.skadmin.pl\/index.php\/wp-json\/wp\/v2\/pages\/644\/revisions"}],"predecessor-version":[{"id":761,"href":"https:\/\/www.skadmin.pl\/index.php\/wp-json\/wp\/v2\/pages\/644\/revisions\/761"}],"wp:attachment":[{"href":"https:\/\/www.skadmin.pl\/index.php\/wp-json\/wp\/v2\/media?parent=644"}],"wp:term":[{"taxonomy":"category","embeddable":true,"href":"https:\/\/www.skadmin.pl\/index.php\/wp-json\/wp\/v2\/categories?post=644"},{"taxonomy":"post_tag","embeddable":true,"href":"https:\/\/www.skadmin.pl\/index.php\/wp-json\/wp\/v2\/tags?post=644"}],"curies":[{"name":"wp","href":"https:\/\/api.w.org\/{rel}","templated":true}]}}