{"id":809,"date":"2023-07-26T15:40:58","date_gmt":"2023-07-26T13:40:58","guid":{"rendered":"https:\/\/www.skadmin.pl\/?page_id=809"},"modified":"2023-08-09T22:15:36","modified_gmt":"2023-08-09T20:15:36","slug":"audyt-zgodnosci-z-rodo","status":"publish","type":"page","link":"https:\/\/www.skadmin.pl\/index.php\/audyt-zgodnosci-z-rodo\/","title":{"rendered":"AUDYT zgodno\u015bci z RODO"},"content":{"rendered":"\n<p><a name=\"Audyt zgodno\u015bci z RODO\"><\/a>Us\u0142uga <em>\u201eAudyt zgodno\u015bci z RODO\u201d, <\/em>polega na sprawdzeniu etapu, na kt\u00f3rym znajduje si\u0119 proces wdro\u017cenia wymaga\u0144, zawartych w og\u00f3lnym rozporz\u0105dzeniu o ochronie danych. W prowadzonym badaniu, uwzgl\u0119dnia si\u0119 kwestie organizacyjne, prawne oraz informatyczne.<\/p>\n\n\n\n<p>Audyt zgodno\u015bci z RODO, mo\u017cna podzieli\u0107 na kilka etap\u00f3w:<\/p>\n\n\n\n<ul>\n<li>zbieranie informacji \u2013 przegl\u0105d zabezpiecze\u0144, procedur, prowadzenie rozm\u00f3w z pracownikami itp.;<\/li>\n\n\n\n<li>analiza danych \u2013 por\u00f3wnanie zebranych informacji z dokumentacj\u0105, przyj\u0119t\u0105 przez audytowany podmiot oraz przepisami prawa;<\/li>\n\n\n\n<li>przygotowanie dokumentacji audytowej;<\/li>\n\n\n\n<li>przekazanie i om\u00f3wienie raportu poaduytowego;<\/li>\n<\/ul>\n\n\n\n<p>W ramach audytu zgodno\u015bci z RODO, badamy m. in.:<\/p>\n\n\n\n<ul>\n<li><a><\/a> jakie zbiory danych osobowych znajduj\u0105 si\u0119 w posiadaniu klienta oraz jaki w stosunku do nich jest jego status (administrator danych, procesor);<\/li>\n\n\n\n<li>jakie kategorie danych osobowych s\u0105 przetwarzane przez Administratora;<\/li>\n\n\n\n<li>zupe\u0142no\u015b\u0107 oraz poprawno\u015b\u0107 prowadzonego rejestru czynno\u015bci oraz kategorii przetwarzania;<\/li>\n\n\n\n<li>przestrzeganie zasad przetwarzania danych osobowych (zasady przetwarzania danych, spe\u0142nienie obowi\u0105zku informacyjnego, itd.);<\/li>\n\n\n\n<li>stosowane \u015brodki organizacyjno &#8211; proceduralne (wdro\u017cone polityki bezpiecze\u0144stwa, procedury obiegu dokument\u00f3w, upowa\u017cnienia i ewidencje itd.);<\/li>\n\n\n\n<li>stosowane przez klienta \u015brodki techniczne (spos\u00f3b zabezpieczania zasob\u00f3w na stacjach roboczych, komputerach przeno\u015bnych, serwerach, itd.).<\/li>\n\n\n\n<li>dokumentacje ochrony danych osobowych w odniesieniu do stanu faktycznego;<\/li>\n<\/ul>\n\n\n\n<p>Efektem ko\u0144cowym audytu zgodno\u015bci z RODO, jest przekazanie raportu poaudytowego, zawieraj\u0105cego m. in.:<\/p>\n\n\n\n<ul>\n<li>opis stanu faktycznego;<\/li>\n\n\n\n<li>opis wykrytych nieprawid\u0142owo\u015bci wraz z podaniem podstaw prawnych oraz przedstawieniem dowod\u00f3w audytowych (zdj\u0119cia, notatki z rozm\u00f3w z pracownikami itd.);<\/li>\n\n\n\n<li>opis rekomendowanych dzia\u0142a\u0144 naprawczych (szczeg\u00f3\u0142owe i dostosowane do specyfiki badanego klienta \u2013 na ich podstawie mo\u017cliwe jest wprowadzenie konkretnych i najkorzystniejszych rozwi\u0105za\u0144) .<\/li>\n<\/ul>\n\n\n\n<div class=\"is-layout-flex wp-block-buttons\">\n<div class=\"wp-block-button\"><a class=\"wp-block-button__link wp-element-button\" href=\"mailto:biuro@skadmin.pl\">Prosz\u0119 o ofert\u0119<\/a><\/div>\n<\/div>\n\n\n\n<br><a name=\"Audyt-IOD\"><\/a><h4><b><u><i>Audyt wykonywania funkcji Inspektora Ochrony Danych.<\/i><\/u><\/b><\/h4>\n\n\n\n<p>Inspektor Ochrony Danych to osoba, kt\u00f3ra, zgodnie z przepisami RODO, powinna wykonywa\u0107 swoje zadania i obowi\u0105zki w spos\u00f3b niezale\u017cny. Nie oznacza to jednak, \u017ce pe\u0142nienie tej funkcji nie podlega nadzorowi administratora, kt\u00f3ry to ponosi pe\u0142n\u0105 odpowiedzialno\u015b\u0107 za dzia\u0142anie niezgodne z&nbsp;przepisami o ochronie danych osobowych. Dlatego te\u017c niezwykle istotna jest kwestia kontroli powo\u0142anego inspektora, pod k\u0105tem wykonywania przez niego zada\u0144, przewidzianych w art. 39 RODO. Audyt wykonywania tej funkcji, mo\u017ce zosta\u0107 przeprowadzony w organizacji wewn\u0119trznie przez administratora, jak r\u00f3wnie\u017c mo\u017ce zosta\u0107 zlecony podmiotowi zewn\u0119trznemu, \u015bwiadcz\u0105cemu us\u0142ugi w tym zakresie, takiemu jak Nasza firma.<\/p>\n\n\n\n<p><em><strong>Kiedy warto przeprowadzi\u0107 audyt pe\u0142nienia funkcji IOD?<\/strong><\/em><\/p>\n\n\n\n<p>Poza oczywistymi przypadkami, kiedy to samo skontaktowanie si\u0119 z powo\u0142anym Inspektorem Ochrony Danych jest problematyczne, a czasem wr\u0119cz niemo\u017cliwe, nie wykonuje on powierzonych mu zada\u0144 i wsp\u00f3\u0142praca nie uk\u0142ada si\u0119 pomy\u015blnie, warto, jako administrator wci\u0105\u017c zachowa\u0107 czujno\u015b\u0107 i sprawowa\u0107 kontrol\u0119 nad prac\u0105 Inspektora.<\/p>\n\n\n\n<p><em><strong>Co podczas wsp\u00f3\u0142pracy z powo\u0142anym IOD, powinno zaniepokoi\u0107 administratora?<\/strong><\/em><\/p>\n\n\n\n<p>1. Kiedy powo\u0142any Inspektor nie pojawia si\u0119 u Pa\u0144stwa, nie przeprowadzaj\u0105c audyt\u00f3w zgodno\u015bci dzia\u0142ania z przepisami o ochronie danych osobowych.<\/p>\n\n\n\n<p>2. W przypadku gdy zachodzi w\u0105tpliwo\u015b\u0107, czy wiedza Inspektora jest wystarczaj\u0105ca i zgodna z aktualnym stanem prawnym.<\/p>\n\n\n\n<p>3. Gdy Inspektor nigdy nie informowa\u0142 i nie informuje Pa\u0144stwa na bie\u017c\u0105co o zmianach w przepisach z zakresu ochrony danych osobowych.<\/p>\n\n\n\n<p>4. W sytuacji, gdy powo\u0142any Inspektor nie podnosi poziomu wiedzy pracownik\u00f3w, zaanga\u017cowanych w proces przetwarzania danych osobowych, np. nie przeprowadza okresowych szkole\u0144.<\/p>\n\n\n\n<p>5. Je\u015bli Inspektor oczekuje dodatkowego wynagrodzenia, za wykonywanie zada\u0144, wskazanych w art. 39 RODO.<\/p>\n\n\n\n<div class=\"is-layout-flex wp-block-buttons\">\n<div class=\"wp-block-button\"><a class=\"wp-block-button__link wp-element-button\" href=\"mailto:biuro@skadmin.pl\">Prosz\u0119 o ofert\u0119<\/a><\/div>\n<\/div>\n","protected":false},"excerpt":{"rendered":"<p>Us\u0142uga \u201eAudyt zgodno\u015bci z RODO\u201d, polega na sprawdzeniu etapu, na kt\u00f3rym znajduje si\u0119 proces wdro\u017cenia wymaga\u0144, zawartych w og\u00f3lnym rozporz\u0105dzeniu o ochronie danych. W prowadzonym badaniu, uwzgl\u0119dnia si\u0119 kwestie organizacyjne, prawne oraz informatyczne. Audyt zgodno\u015bci z RODO, mo\u017cna podzieli\u0107 na kilka etap\u00f3w: W ramach audytu zgodno\u015bci z RODO, badamy m. in.: Efektem ko\u0144cowym audytu zgodno\u015bci<a href=\"https:\/\/www.skadmin.pl\/index.php\/audyt-zgodnosci-z-rodo\/\">[&#8230;]<\/a><\/p>\n","protected":false},"author":1,"featured_media":0,"parent":0,"menu_order":0,"comment_status":"closed","ping_status":"closed","template":"","meta":[],"categories":[],"tags":[43],"yoast_head":"<!-- This site is optimized with the Yoast SEO plugin v20.2.1 - https:\/\/yoast.com\/wordpress\/plugins\/seo\/ -->\n<title>audyt zgodno\u015bci z RODO<\/title>\n<meta name=\"description\" content=\"AUDYT zgodno\u015bci z RODO - us\u0142uga polegaj\u0105ca na kompleksowym audycie wdro\u017cenia w Pa\u0144stwa podmiocie wymaga\u0144 p\u0142yn\u0105cych z RODO\" \/>\n<meta name=\"robots\" content=\"index, follow, max-snippet:-1, max-image-preview:large, max-video-preview:-1\" \/>\n<link rel=\"canonical\" href=\"https:\/\/www.skadmin.pl\/index.php\/audyt-zgodnosci-z-rodo\/\" \/>\n<meta property=\"og:locale\" content=\"pl_PL\" \/>\n<meta property=\"og:type\" content=\"article\" \/>\n<meta property=\"og:title\" content=\"audyt zgodno\u015bci z RODO\" \/>\n<meta property=\"og:description\" content=\"AUDYT zgodno\u015bci z RODO - us\u0142uga polegaj\u0105ca na kompleksowym audycie wdro\u017cenia w Pa\u0144stwa podmiocie wymaga\u0144 p\u0142yn\u0105cych z RODO\" \/>\n<meta property=\"og:url\" content=\"https:\/\/www.skadmin.pl\/index.php\/audyt-zgodnosci-z-rodo\/\" \/>\n<meta property=\"og:site_name\" content=\"SK admin\" \/>\n<meta property=\"article:publisher\" content=\"https:\/\/www.facebook.com\/firma.nformatyczna\" \/>\n<meta property=\"article:modified_time\" content=\"2023-08-09T20:15:36+00:00\" \/>\n<meta name=\"twitter:card\" content=\"summary_large_image\" \/>\n<meta name=\"twitter:label1\" content=\"Szacowany czas czytania\" \/>\n\t<meta name=\"twitter:data1\" content=\"3 minuty\" \/>\n<script type=\"application\/ld+json\" class=\"yoast-schema-graph\">{\"@context\":\"https:\/\/schema.org\",\"@graph\":[{\"@type\":\"WebPage\",\"@id\":\"https:\/\/www.skadmin.pl\/index.php\/audyt-zgodnosci-z-rodo\/\",\"url\":\"https:\/\/www.skadmin.pl\/index.php\/audyt-zgodnosci-z-rodo\/\",\"name\":\"audyt zgodno\u015bci z RODO\",\"isPartOf\":{\"@id\":\"https:\/\/www.skadmin.pl\/#website\"},\"datePublished\":\"2023-07-26T13:40:58+00:00\",\"dateModified\":\"2023-08-09T20:15:36+00:00\",\"description\":\"AUDYT zgodno\u015bci z RODO - us\u0142uga polegaj\u0105ca na kompleksowym audycie wdro\u017cenia w Pa\u0144stwa podmiocie wymaga\u0144 p\u0142yn\u0105cych z RODO\",\"breadcrumb\":{\"@id\":\"https:\/\/www.skadmin.pl\/index.php\/audyt-zgodnosci-z-rodo\/#breadcrumb\"},\"inLanguage\":\"pl-PL\",\"potentialAction\":[{\"@type\":\"ReadAction\",\"target\":[\"https:\/\/www.skadmin.pl\/index.php\/audyt-zgodnosci-z-rodo\/\"]}]},{\"@type\":\"BreadcrumbList\",\"@id\":\"https:\/\/www.skadmin.pl\/index.php\/audyt-zgodnosci-z-rodo\/#breadcrumb\",\"itemListElement\":[{\"@type\":\"ListItem\",\"position\":1,\"name\":\"Strona g\u0142\u00f3wna\",\"item\":\"https:\/\/www.skadmin.pl\/\"},{\"@type\":\"ListItem\",\"position\":2,\"name\":\"AUDYT zgodno\u015bci z RODO\"}]},{\"@type\":\"WebSite\",\"@id\":\"https:\/\/www.skadmin.pl\/#website\",\"url\":\"https:\/\/www.skadmin.pl\/\",\"name\":\"SK admin\",\"description\":\"Wdro\u017cenie RODO KRI AML SYGNALI\u015aCI\",\"publisher\":{\"@id\":\"https:\/\/www.skadmin.pl\/#organization\"},\"potentialAction\":[{\"@type\":\"SearchAction\",\"target\":{\"@type\":\"EntryPoint\",\"urlTemplate\":\"https:\/\/www.skadmin.pl\/?s={search_term_string}\"},\"query-input\":\"required name=search_term_string\"}],\"inLanguage\":\"pl-PL\"},{\"@type\":\"Organization\",\"@id\":\"https:\/\/www.skadmin.pl\/#organization\",\"name\":\"SK admin\",\"url\":\"https:\/\/www.skadmin.pl\/\",\"logo\":{\"@type\":\"ImageObject\",\"inLanguage\":\"pl-PL\",\"@id\":\"https:\/\/www.skadmin.pl\/#\/schema\/logo\/image\/\",\"url\":\"https:\/\/www.skadmin.pl\/wp-content\/uploads\/2023\/01\/logo.png\",\"contentUrl\":\"https:\/\/www.skadmin.pl\/wp-content\/uploads\/2023\/01\/logo.png\",\"width\":300,\"height\":200,\"caption\":\"SK admin\"},\"image\":{\"@id\":\"https:\/\/www.skadmin.pl\/#\/schema\/logo\/image\/\"},\"sameAs\":[\"https:\/\/www.facebook.com\/firma.nformatyczna\"]}]}<\/script>\n<!-- \/ Yoast SEO plugin. -->","yoast_head_json":{"title":"audyt zgodno\u015bci z RODO","description":"AUDYT zgodno\u015bci z RODO - us\u0142uga polegaj\u0105ca na kompleksowym audycie wdro\u017cenia w Pa\u0144stwa podmiocie wymaga\u0144 p\u0142yn\u0105cych z RODO","robots":{"index":"index","follow":"follow","max-snippet":"max-snippet:-1","max-image-preview":"max-image-preview:large","max-video-preview":"max-video-preview:-1"},"canonical":"https:\/\/www.skadmin.pl\/index.php\/audyt-zgodnosci-z-rodo\/","og_locale":"pl_PL","og_type":"article","og_title":"audyt zgodno\u015bci z RODO","og_description":"AUDYT zgodno\u015bci z RODO - us\u0142uga polegaj\u0105ca na kompleksowym audycie wdro\u017cenia w Pa\u0144stwa podmiocie wymaga\u0144 p\u0142yn\u0105cych z RODO","og_url":"https:\/\/www.skadmin.pl\/index.php\/audyt-zgodnosci-z-rodo\/","og_site_name":"SK admin","article_publisher":"https:\/\/www.facebook.com\/firma.nformatyczna","article_modified_time":"2023-08-09T20:15:36+00:00","twitter_card":"summary_large_image","twitter_misc":{"Szacowany czas czytania":"3 minuty"},"schema":{"@context":"https:\/\/schema.org","@graph":[{"@type":"WebPage","@id":"https:\/\/www.skadmin.pl\/index.php\/audyt-zgodnosci-z-rodo\/","url":"https:\/\/www.skadmin.pl\/index.php\/audyt-zgodnosci-z-rodo\/","name":"audyt zgodno\u015bci z RODO","isPartOf":{"@id":"https:\/\/www.skadmin.pl\/#website"},"datePublished":"2023-07-26T13:40:58+00:00","dateModified":"2023-08-09T20:15:36+00:00","description":"AUDYT zgodno\u015bci z RODO - us\u0142uga polegaj\u0105ca na kompleksowym audycie wdro\u017cenia w Pa\u0144stwa podmiocie wymaga\u0144 p\u0142yn\u0105cych z RODO","breadcrumb":{"@id":"https:\/\/www.skadmin.pl\/index.php\/audyt-zgodnosci-z-rodo\/#breadcrumb"},"inLanguage":"pl-PL","potentialAction":[{"@type":"ReadAction","target":["https:\/\/www.skadmin.pl\/index.php\/audyt-zgodnosci-z-rodo\/"]}]},{"@type":"BreadcrumbList","@id":"https:\/\/www.skadmin.pl\/index.php\/audyt-zgodnosci-z-rodo\/#breadcrumb","itemListElement":[{"@type":"ListItem","position":1,"name":"Strona g\u0142\u00f3wna","item":"https:\/\/www.skadmin.pl\/"},{"@type":"ListItem","position":2,"name":"AUDYT zgodno\u015bci z RODO"}]},{"@type":"WebSite","@id":"https:\/\/www.skadmin.pl\/#website","url":"https:\/\/www.skadmin.pl\/","name":"SK admin","description":"Wdro\u017cenie RODO KRI AML SYGNALI\u015aCI","publisher":{"@id":"https:\/\/www.skadmin.pl\/#organization"},"potentialAction":[{"@type":"SearchAction","target":{"@type":"EntryPoint","urlTemplate":"https:\/\/www.skadmin.pl\/?s={search_term_string}"},"query-input":"required name=search_term_string"}],"inLanguage":"pl-PL"},{"@type":"Organization","@id":"https:\/\/www.skadmin.pl\/#organization","name":"SK admin","url":"https:\/\/www.skadmin.pl\/","logo":{"@type":"ImageObject","inLanguage":"pl-PL","@id":"https:\/\/www.skadmin.pl\/#\/schema\/logo\/image\/","url":"https:\/\/www.skadmin.pl\/wp-content\/uploads\/2023\/01\/logo.png","contentUrl":"https:\/\/www.skadmin.pl\/wp-content\/uploads\/2023\/01\/logo.png","width":300,"height":200,"caption":"SK admin"},"image":{"@id":"https:\/\/www.skadmin.pl\/#\/schema\/logo\/image\/"},"sameAs":["https:\/\/www.facebook.com\/firma.nformatyczna"]}]}},"_links":{"self":[{"href":"https:\/\/www.skadmin.pl\/index.php\/wp-json\/wp\/v2\/pages\/809"}],"collection":[{"href":"https:\/\/www.skadmin.pl\/index.php\/wp-json\/wp\/v2\/pages"}],"about":[{"href":"https:\/\/www.skadmin.pl\/index.php\/wp-json\/wp\/v2\/types\/page"}],"author":[{"embeddable":true,"href":"https:\/\/www.skadmin.pl\/index.php\/wp-json\/wp\/v2\/users\/1"}],"replies":[{"embeddable":true,"href":"https:\/\/www.skadmin.pl\/index.php\/wp-json\/wp\/v2\/comments?post=809"}],"version-history":[{"count":18,"href":"https:\/\/www.skadmin.pl\/index.php\/wp-json\/wp\/v2\/pages\/809\/revisions"}],"predecessor-version":[{"id":855,"href":"https:\/\/www.skadmin.pl\/index.php\/wp-json\/wp\/v2\/pages\/809\/revisions\/855"}],"wp:attachment":[{"href":"https:\/\/www.skadmin.pl\/index.php\/wp-json\/wp\/v2\/media?parent=809"}],"wp:term":[{"taxonomy":"category","embeddable":true,"href":"https:\/\/www.skadmin.pl\/index.php\/wp-json\/wp\/v2\/categories?post=809"},{"taxonomy":"post_tag","embeddable":true,"href":"https:\/\/www.skadmin.pl\/index.php\/wp-json\/wp\/v2\/tags?post=809"}],"curies":[{"name":"wp","href":"https:\/\/api.w.org\/{rel}","templated":true}]}}